{"id":522,"date":"2018-12-29T22:39:51","date_gmt":"2018-12-29T22:39:51","guid":{"rendered":"http:\/\/excellence.fondation-faac.org\/?page_id=522"},"modified":"2018-12-30T02:02:49","modified_gmt":"2018-12-30T02:02:49","slug":"carrefour-des-competences","status":"publish","type":"page","link":"https:\/\/excellence.fondation-faac.org\/?page_id=522","title":{"rendered":"Carrefour des comp\u00e9tences"},"content":{"rendered":"<p style=\"text-align: right;\"><span style=\"font-size: 14pt;\">\u0645\u0634\u0631\u0648\u0639 \u062e\u0627\u0635 \u0628\u0643\u060c \u0633\u062c\u0644 \u0644\u062a\u0643\u0648\u0646 \u062c\u0632\u0621\u064b\u0627 \u0645\u0646 \u0634\u0628\u0643\u0629 \u0627\u0644\u0645\u0647\u0627\u0631\u0627\u062a \u0627\u0644\u062c\u0632\u0627\u0626\u0631\u064a\u0629 \u062d\u0648\u0644 \u0627\u0644\u0639\u0627\u0644\u0645<\/span><\/p>\n<p style=\"text-align: right;\"><span style=\"font-size: 14pt;\">\u0647\u0630\u0627 \u0647\u0648 \u0645\u0634\u0631\u0648\u0639 \u0631\u0627\u0626\u062f \u064a\u062a\u0623\u0644\u0641 \u0645\u0646 \u0625\u0646\u0634\u0627\u0621 \u0642\u0627\u0639\u062f\u0629 \u0628\u064a\u0627\u0646\u0627\u062a \u062a\u062c\u0645\u0639 \u062c\u0645\u064a\u0639 \u0627\u0644\u0643\u0641\u0627\u0621\u0627\u062a \u0627\u0644\u0648\u0637\u0646\u064a\u0629 \u0627\u0644\u062c\u0632\u0627\u0626\u0631\u064a\u0629 \u062d\u0633\u0628 \u0627\u0644\u062a\u062e\u0635\u0635. \u0633\u064a\u062a\u0645 \u0628\u0639\u062f \u0630\u0644\u0643 \u0627\u0633\u062a\u062e\u062f\u0627\u0645 \u0642\u0627\u0639\u062f\u0629 \u0627\u0644\u0628\u064a\u0627\u0646\u0627\u062a \u0647\u0630\u0647 \u0644\u0628\u0646\u0627\u0621 \u0639\u0644\u0627\u0642\u0627\u062a \u0628\u064a\u0646 \u0627\u0644\u062c\u0632\u0627\u0626\u0631\u064a\u064a\u0646 \u0648\u062a\u0628\u0627\u062f\u0644 \u0627\u0644\u062e\u0628\u0631\u0627\u062a \u0641\u064a \u0627\u062e\u062a\u0635\u0627\u0635\u0627\u062a\u0647\u0645. \u0643\u0645\u0627 \u0633\u064a\u062a\u0645 \u0627\u0633\u062a\u062e\u062f\u0627\u0645\u0647 \u0644\u0625\u0642\u0627\u0645\u0629 \u0648\u0625\u0637\u0644\u0627\u0642 \u0627\u0644\u0645\u0634\u0627\u0631\u064a\u0639 \u0644\u0635\u0627\u0644\u062d \u0627\u0644\u0645\u062c\u062a\u0645\u0639. \u0643\u0645\u0627 \u0633\u064a\u0643\u0648\u0646 \u0645\u0635\u062f\u0631\u0627\u064b \u0644\u062f\u0639\u0645 \u0627\u0644\u0637\u0644\u0627\u0628 \u0648\u0627\u0644\u0634\u0628\u0627\u0628 \u0627\u0644\u0639\u0627\u0637\u0644\u064a\u0646 \u0639\u0646 \u0627\u0644\u0639\u0645\u0644 \u0623\u0648 \u0627\u0644\u0628\u0627\u062d\u062b\u064a\u0646 \u0639\u0646 \u0639\u0645\u0644. \u0648\u064a\u0647\u062f\u0641\u060c \u0645\u0646 \u0628\u064a\u0646 \u0623\u0645\u0648\u0631 \u0623\u062e\u0631\u0649\u060c \u0625\u0644\u0649 \u0627\u0644\u062f\u0639\u0645 \u0627\u0644\u0645\u0647\u0646\u064a (\u0627\u0644\u062a\u0648\u062c\u064a\u0647)\u060c \u0648\u0627\u0644\u062a\u062f\u0631\u064a\u0628 \u0648\u0627\u0644\u062f\u0639\u0645 \u0627\u0644\u062a\u0642\u0646\u064a \u0648\u0627\u0644\u063a\u064a\u0631 \u0627\u0644\u062a\u0642\u0646\u064a<\/span><\/p>\n<hr \/>\n<p>Un projet pour vous, inscrivez-vous pour faire partie de notre r\u00e9seau de comp\u00e9tences alg\u00e9riennes \u00e0 travers le monde.<\/p>\n<p>Il s\u2019agit d\u2019un projet pilote qui consiste \u00e0 cr\u00e9er une base de donn\u00e9es qui regroupe toutes les comp\u00e9tences nationales alg\u00e9riennes par sp\u00e9cialit\u00e9. Cette base de donn\u00e9es sera ensuite utilis\u00e9e pour tisser des relations entre les alg\u00e9riens et et \u00e9changer les exp\u00e9riences. Elle sera aussi utilis\u00e9e pour monter des projets au profit de la collectivit\u00e9. Elle sera aussi une source pour supporter\u00a0les \u00e9tudiants, jeunes sans emploi ou en recherche d\u2019emploi. Elle vise entre autres l\u2019accompagnement professionnel (mentorat), l\u2019encadrement et le support techniques.<\/p>\n<hr \/>\n<p>[vfb id=11]<\/p>\n","protected":false},"excerpt":{"rendered":"<p>\u0645\u0634\u0631\u0648\u0639 \u062e\u0627\u0635 \u0628\u0643\u060c \u0633\u062c\u0644 \u0644\u062a\u0643\u0648\u0646 \u062c\u0632\u0621\u064b\u0627 \u0645\u0646 \u0634\u0628\u0643\u0629 \u0627\u0644\u0645\u0647\u0627\u0631\u0627\u062a \u0627\u0644\u062c\u0632\u0627\u0626\u0631\u064a\u0629 \u062d\u0648\u0644 \u0627\u0644\u0639\u0627\u0644\u0645 \u0647\u0630\u0627 \u0647\u0648 \u0645\u0634\u0631\u0648\u0639 \u0631\u0627\u0626\u062f \u064a\u062a\u0623\u0644\u0641 \u0645\u0646 \u0625\u0646\u0634\u0627\u0621 \u0642\u0627\u0639\u062f\u0629 \u0628\u064a\u0627\u0646\u0627\u062a \u062a\u062c\u0645\u0639 \u062c\u0645\u064a\u0639 \u0627\u0644\u0643\u0641\u0627\u0621\u0627\u062a \u0627\u0644\u0648\u0637\u0646\u064a\u0629 \u0627\u0644\u062c\u0632\u0627\u0626\u0631\u064a\u0629 \u062d\u0633\u0628 \u0627\u0644\u062a\u062e\u0635\u0635. \u0633\u064a\u062a\u0645 \u0628\u0639\u062f \u0630\u0644\u0643 \u0627\u0633\u062a\u062e\u062f\u0627\u0645 \u0642\u0627\u0639\u062f\u0629 \u0627\u0644\u0628\u064a\u0627\u0646\u0627\u062a \u0647\u0630\u0647 \u0644\u0628\u0646\u0627\u0621 \u0639\u0644\u0627\u0642\u0627\u062a \u0628\u064a\u0646 \u0627\u0644\u062c\u0632\u0627\u0626\u0631\u064a\u064a\u0646 \u0648\u062a\u0628\u0627\u062f\u0644 \u0627\u0644\u062e\u0628\u0631\u0627\u062a \u0641\u064a \u0627\u062e\u062a\u0635\u0627\u0635\u0627\u062a\u0647\u0645. \u0643\u0645\u0627 \u0633\u064a\u062a\u0645 \u0627\u0633\u062a\u062e\u062f\u0627\u0645\u0647 \u0644\u0625\u0642\u0627\u0645\u0629 \u0648\u0625\u0637\u0644\u0627\u0642 \u0627\u0644\u0645\u0634\u0627\u0631\u064a\u0639 \u0644\u0635\u0627\u0644\u062d \u0627\u0644\u0645\u062c\u062a\u0645\u0639. \u0643\u0645\u0627 \u0633\u064a\u0643\u0648\u0646 \u0645\u0635\u062f\u0631\u0627\u064b \u0644\u062f\u0639\u0645 \u0627\u0644\u0637\u0644\u0627\u0628 \u0648\u0627\u0644\u0634\u0628\u0627\u0628 \u0627\u0644\u0639\u0627\u0637\u0644\u064a\u0646 \u0639\u0646 \u0627\u0644\u0639\u0645\u0644<\/p>\n","protected":false},"author":1,"featured_media":0,"parent":0,"menu_order":0,"comment_status":"closed","ping_status":"closed","template":"","meta":{"footnotes":""},"class_list":["post-522","page","type-page","status-publish","hentry"],"jetpack_sharing_enabled":true,"_links":{"self":[{"href":"https:\/\/excellence.fondation-faac.org\/index.php?rest_route=\/wp\/v2\/pages\/522","targetHints":{"allow":["GET"]}}],"collection":[{"href":"https:\/\/excellence.fondation-faac.org\/index.php?rest_route=\/wp\/v2\/pages"}],"about":[{"href":"https:\/\/excellence.fondation-faac.org\/index.php?rest_route=\/wp\/v2\/types\/page"}],"author":[{"embeddable":true,"href":"https:\/\/excellence.fondation-faac.org\/index.php?rest_route=\/wp\/v2\/users\/1"}],"replies":[{"embeddable":true,"href":"https:\/\/excellence.fondation-faac.org\/index.php?rest_route=%2Fwp%2Fv2%2Fcomments&post=522"}],"version-history":[{"count":6,"href":"https:\/\/excellence.fondation-faac.org\/index.php?rest_route=\/wp\/v2\/pages\/522\/revisions"}],"predecessor-version":[{"id":530,"href":"https:\/\/excellence.fondation-faac.org\/index.php?rest_route=\/wp\/v2\/pages\/522\/revisions\/530"}],"wp:attachment":[{"href":"https:\/\/excellence.fondation-faac.org\/index.php?rest_route=%2Fwp%2Fv2%2Fmedia&parent=522"}],"curies":[{"name":"wp","href":"https:\/\/api.w.org\/{rel}","templated":true}]}}