{"id":12,"date":"2013-12-02T04:56:27","date_gmt":"2013-12-02T04:56:27","guid":{"rendered":"http:\/\/excellence.fondation-faac.org\/?page_id=12"},"modified":"2018-03-10T02:44:19","modified_gmt":"2018-03-10T02:44:19","slug":"contributeur","status":"publish","type":"page","link":"http:\/\/excellence.fondation-faac.org\/?page_id=12","title":{"rendered":"Le Contributeur"},"content":{"rendered":"<p>Un projet pour vous, le parrainage professionnel\u00a0: Il s&#8217;agit du parrainage professionnel des jeunes. Voici une pr\u00e9sentation sommaire pour vous expliquer le concept\u00a0:<\/p>\n<p>L\u2019id\u00e9e\u00a0: Il s\u2019agit d\u2019un projet pilote qui consiste \u00e0 parrainer professionnellement environ 48 jeunes alg\u00e9riens (pour commencer)\u00a0: \u00e9tudiants, jeunes sans emploi ou en recherche d\u2019emploi. Il peut aussi s\u2019agir de jeunes dou\u00e9s qui travaillent sur des projets concrets pour am\u00e9liorer les conditions de vie de la collectivit\u00e9. Le nombre 48 est juste pour repr\u00e9senter tout le territoire national.<\/p>\n<p style=\"text-align: justify;\">Le parrainage\u00a0: Il vise l\u2019accompagnement professionnel (mentorat), l\u2019encadrement et le support techniques. Il peut aller jusqu\u2019au soutien financier des projets et des orientations\/formations professionnelles. Nous mettons en contact direct le parrain avec son parrain\u00e9, ce qui lui va permettre de tisser des relations \u00e9troites avec lui pour suivre \u00e9volution du parrainage, cerner ses besoins et lui proposer des solutions. Le processus peut d\u00e9boucher sur des r\u00e9unions de travail r\u00e9guli\u00e8res voir des rencontres directes..<\/p>\n<p style=\"text-align: center;\">&#8212;&#8212;&#8212;&#8212;&#8212;&#8212;&#8212;&#8212;&#8212;&#8212;&#8212;&#8212;&#8212;&#8212;&#8212;&#8212;&#8212;&#8212;&#8212;&#8212;&#8212;&#8212;&#8212;&#8212;&#8212;&#8212;&#8212;&#8212;&#8212;&#8212;&#8212;&#8212;&#8212;&#8212;&#8212;&#8212;<\/p>\n<p>[vfb id=1]<\/p>\n","protected":false},"excerpt":{"rendered":"<p>Un projet pour vous, le parrainage professionnel\u00a0: Il s&#8217;agit du parrainage professionnel des jeunes. Voici une pr\u00e9sentation sommaire pour vous expliquer le concept\u00a0: L\u2019id\u00e9e\u00a0: Il s\u2019agit d\u2019un projet pilote qui consiste \u00e0 parrainer professionnellement environ 48 jeunes alg\u00e9riens (pour commencer)\u00a0: \u00e9tudiants, jeunes sans emploi ou en recherche d\u2019emploi. Il peut aussi s\u2019agir de jeunes dou\u00e9s qui travaillent sur des projets<\/p>\n","protected":false},"author":1,"featured_media":0,"parent":0,"menu_order":0,"comment_status":"open","ping_status":"open","template":"","meta":{"footnotes":""},"class_list":["post-12","page","type-page","status-publish","hentry"],"jetpack_sharing_enabled":true,"_links":{"self":[{"href":"http:\/\/excellence.fondation-faac.org\/index.php?rest_route=\/wp\/v2\/pages\/12","targetHints":{"allow":["GET"]}}],"collection":[{"href":"http:\/\/excellence.fondation-faac.org\/index.php?rest_route=\/wp\/v2\/pages"}],"about":[{"href":"http:\/\/excellence.fondation-faac.org\/index.php?rest_route=\/wp\/v2\/types\/page"}],"author":[{"embeddable":true,"href":"http:\/\/excellence.fondation-faac.org\/index.php?rest_route=\/wp\/v2\/users\/1"}],"replies":[{"embeddable":true,"href":"http:\/\/excellence.fondation-faac.org\/index.php?rest_route=%2Fwp%2Fv2%2Fcomments&post=12"}],"version-history":[{"count":15,"href":"http:\/\/excellence.fondation-faac.org\/index.php?rest_route=\/wp\/v2\/pages\/12\/revisions"}],"predecessor-version":[{"id":451,"href":"http:\/\/excellence.fondation-faac.org\/index.php?rest_route=\/wp\/v2\/pages\/12\/revisions\/451"}],"wp:attachment":[{"href":"http:\/\/excellence.fondation-faac.org\/index.php?rest_route=%2Fwp%2Fv2%2Fmedia&parent=12"}],"curies":[{"name":"wp","href":"https:\/\/api.w.org\/{rel}","templated":true}]}}